{"id":94,"date":"2015-05-01T08:57:51","date_gmt":"2015-05-01T06:57:51","guid":{"rendered":"http:\/\/www.friskatorpet.se\/?page_id=94"},"modified":"2015-05-01T09:07:53","modified_gmt":"2015-05-01T07:07:53","slug":"recept","status":"publish","type":"page","link":"https:\/\/www.friskatorpet.se\/index.php\/recept\/","title":{"rendered":"Recept"},"content":{"rendered":"<p>2015-05-01<\/p>\n<table border=\"1\">\n<tbody>\n<tr>\n<td>1<\/td>\n<td>kg<\/td>\n<td>Benfri m\u00e4rgpipa<\/td>\n<td><\/td>\n<td rowspan=\"13\" valign=\"top\"><strong>G\u00f6r s\u00e5 h\u00e4r:<\/strong><br \/>\nSk\u00e4r k\u00f6ttet i kuber 3&#215;3 cm, dela mor\u00f6tter i \u00f6nskad form men ej f\u00f6r sm\u00e5.Skiva den gula l\u00f6ken, bryn k\u00f6ttet och tills\u00e4tt mor\u00f6tter, l\u00f6k och vitl\u00f6k.Pudra \u00f6ver mj\u00f6let och l\u00e5t det bli l\u00e4tt rostat.Tills\u00e4tt sedan tomatpur\u00e9, vin och buljong.L\u00e5t koka ihop tills k\u00f6ttet \u00e4r m\u00f6rt.T\u00e4nk p\u00e5 att h\u00e4ngm\u00f6rat k\u00f6tt blir snabbare klart \u00e4n vanligt k\u00f6tt.Dela bacon och champinjoner och bryn, h\u00e4ll i grytan tillsammans med stekl\u00f6ken och l\u00e5t sjuda i n\u00e5gra minuter.<\/td>\n<\/tr>\n<tr>\n<td>2<\/td>\n<td>st<\/td>\n<td>Morot<\/td>\n<td><\/td>\n<\/tr>\n<tr>\n<td>2<\/td>\n<td>st<\/td>\n<td>Gul l\u00f6k<\/td>\n<td><\/td>\n<\/tr>\n<tr>\n<td>5<\/td>\n<td>dl<\/td>\n<td>R\u00f6tt vin<\/td>\n<td><\/td>\n<\/tr>\n<tr>\n<td>5<\/td>\n<td>dl<\/td>\n<td>K\u00f6ttbuljong<\/td>\n<td><\/td>\n<\/tr>\n<tr>\n<td>2<\/td>\n<td>msk<\/td>\n<td>Tomatpur\u00e9<\/td>\n<td><\/td>\n<\/tr>\n<tr>\n<td>2<\/td>\n<td>kvist<\/td>\n<td>Timjan<\/td>\n<td><\/td>\n<\/tr>\n<tr>\n<td>1<\/td>\n<td>st<\/td>\n<td>Lagerblad<\/td>\n<td><\/td>\n<\/tr>\n<tr>\n<td>3<\/td>\n<td>st<\/td>\n<td>Vitl\u00f6ksklyftor<\/td>\n<td><\/td>\n<\/tr>\n<tr>\n<td>20<\/td>\n<td>st<\/td>\n<td>Stekl\u00f6kar<\/td>\n<td><\/td>\n<\/tr>\n<tr>\n<td>300<\/td>\n<td>gr<\/td>\n<td>Champinjoner<\/td>\n<td><\/td>\n<\/tr>\n<tr>\n<td>100<\/td>\n<td>gr<\/td>\n<td>Bacon<\/td>\n<td><\/td>\n<\/tr>\n<tr>\n<td>3<\/td>\n<td>msk<\/td>\n<td>Vetemj\u00f6l<\/td>\n<td><\/td>\n<\/tr>\n<\/tbody>\n<\/table>\n","protected":false},"excerpt":{"rendered":"<p>2015-05-01 1 kg Benfri m\u00e4rgpipa G\u00f6r s\u00e5 h\u00e4r: Sk\u00e4r k\u00f6ttet i kuber 3&#215;3 cm, dela mor\u00f6tter i \u00f6nskad form men ej f\u00f6r sm\u00e5.Skiva den gula l\u00f6ken, bryn k\u00f6ttet och tills\u00e4tt mor\u00f6tter, l\u00f6k och vitl\u00f6k.Pudra \u00f6ver mj\u00f6let och l\u00e5t det bli l\u00e4tt rostat.Tills\u00e4tt sedan tomatpur\u00e9, vin och buljong.L\u00e5t koka ihop tills k\u00f6ttet \u00e4r m\u00f6rt.T\u00e4nk p\u00e5 att [&hellip;]<\/p>\n","protected":false},"author":2,"featured_media":0,"parent":0,"menu_order":0,"comment_status":"closed","ping_status":"closed","template":"","meta":{"footnotes":""},"class_list":["post-94","page","type-page","status-publish","hentry"],"_links":{"self":[{"href":"https:\/\/www.friskatorpet.se\/index.php\/wp-json\/wp\/v2\/pages\/94","targetHints":{"allow":["GET"]}}],"collection":[{"href":"https:\/\/www.friskatorpet.se\/index.php\/wp-json\/wp\/v2\/pages"}],"about":[{"href":"https:\/\/www.friskatorpet.se\/index.php\/wp-json\/wp\/v2\/types\/page"}],"author":[{"embeddable":true,"href":"https:\/\/www.friskatorpet.se\/index.php\/wp-json\/wp\/v2\/users\/2"}],"replies":[{"embeddable":true,"href":"https:\/\/www.friskatorpet.se\/index.php\/wp-json\/wp\/v2\/comments?post=94"}],"version-history":[{"count":7,"href":"https:\/\/www.friskatorpet.se\/index.php\/wp-json\/wp\/v2\/pages\/94\/revisions"}],"predecessor-version":[{"id":102,"href":"https:\/\/www.friskatorpet.se\/index.php\/wp-json\/wp\/v2\/pages\/94\/revisions\/102"}],"wp:attachment":[{"href":"https:\/\/www.friskatorpet.se\/index.php\/wp-json\/wp\/v2\/media?parent=94"}],"curies":[{"name":"wp","href":"https:\/\/api.w.org\/{rel}","templated":true}]}}