{"id":88,"date":"2015-05-01T08:43:59","date_gmt":"2015-05-01T06:43:59","guid":{"rendered":"http:\/\/www.friskatorpet.se\/?page_id=88"},"modified":"2015-07-08T11:51:48","modified_gmt":"2015-07-08T09:51:48","slug":"historia","status":"publish","type":"page","link":"https:\/\/www.friskatorpet.se\/index.php\/historia\/","title":{"rendered":"Historia"},"content":{"rendered":"<p>Friskatorpet startade med k\u00f6ttproduktion p\u00e5 skjutf\u00e4lten i Rinkaby 1973.<\/p>\n<p>Vid starten fanns ca 30 djur vilket successivt har \u00f6kats till dagens ca 300 kalvande kor. Djuren lever hela sitt liv ute, under vintern i skydd av skog. Skjutf\u00e4lten har betats sedan f\u00f6rra sekelskiftet f\u00f6r att f\u00f6rhindra gr\u00e4sbr\u00e4nder. F\u00f6rst av milit\u00e4rens h\u00e4star sedan av n\u00f6tkreatur. P\u00e5 senare \u00e5r har man uppt\u00e4ckt vilken oerh\u00f6rd fauna och djurliv detta skapat. Markerna ing\u00e5r numera i Natura 2000 som skapades av EU f\u00f6r att bevara utrotningshotade v\u00e4xter och djur. Detta inneb\u00e4r att markerna skall betas f\u00f6r att fr\u00e4mja de v\u00e4xter och \u00f6rter som finns h\u00e4r.<\/p>\n<p>Betet f\u00f6rhindrar att markerna v\u00e4xer igen och minskar risken f\u00f6r gr\u00e4sbr\u00e4nder vid skjutning.<br \/>\nIdag best\u00e5r bes\u00e4ttningen av tv\u00e5 delar, dels en renrasig Angusbes\u00e4ttning med ca 100 kor och dels en korsningsbes\u00e4ttning med mycket Angus f\u00f6r k\u00f6ttproduktion.<\/p>\n","protected":false},"excerpt":{"rendered":"<p>Friskatorpet startade med k\u00f6ttproduktion p\u00e5 skjutf\u00e4lten i Rinkaby 1973. Vid starten fanns ca 30 djur vilket successivt har \u00f6kats till dagens ca 300 kalvande kor. Djuren lever hela sitt liv ute, under vintern i skydd av skog. Skjutf\u00e4lten har betats sedan f\u00f6rra sekelskiftet f\u00f6r att f\u00f6rhindra gr\u00e4sbr\u00e4nder. F\u00f6rst av milit\u00e4rens h\u00e4star sedan av n\u00f6tkreatur. P\u00e5 [&hellip;]<\/p>\n","protected":false},"author":2,"featured_media":0,"parent":0,"menu_order":0,"comment_status":"closed","ping_status":"closed","template":"","meta":{"footnotes":""},"class_list":["post-88","page","type-page","status-publish","hentry"],"_links":{"self":[{"href":"https:\/\/www.friskatorpet.se\/index.php\/wp-json\/wp\/v2\/pages\/88","targetHints":{"allow":["GET"]}}],"collection":[{"href":"https:\/\/www.friskatorpet.se\/index.php\/wp-json\/wp\/v2\/pages"}],"about":[{"href":"https:\/\/www.friskatorpet.se\/index.php\/wp-json\/wp\/v2\/types\/page"}],"author":[{"embeddable":true,"href":"https:\/\/www.friskatorpet.se\/index.php\/wp-json\/wp\/v2\/users\/2"}],"replies":[{"embeddable":true,"href":"https:\/\/www.friskatorpet.se\/index.php\/wp-json\/wp\/v2\/comments?post=88"}],"version-history":[{"count":3,"href":"https:\/\/www.friskatorpet.se\/index.php\/wp-json\/wp\/v2\/pages\/88\/revisions"}],"predecessor-version":[{"id":197,"href":"https:\/\/www.friskatorpet.se\/index.php\/wp-json\/wp\/v2\/pages\/88\/revisions\/197"}],"wp:attachment":[{"href":"https:\/\/www.friskatorpet.se\/index.php\/wp-json\/wp\/v2\/media?parent=88"}],"curies":[{"name":"wp","href":"https:\/\/api.w.org\/{rel}","templated":true}]}}