{"id":42,"date":"2015-05-01T07:20:56","date_gmt":"2015-05-01T05:20:56","guid":{"rendered":"http:\/\/www.friskatorpet.se\/?page_id=42"},"modified":"2016-04-08T05:28:49","modified_gmt":"2016-04-08T03:28:49","slug":"var-ater-man","status":"publish","type":"page","link":"https:\/\/www.friskatorpet.se\/index.php\/var-ater-man\/","title":{"rendered":"Var \u00e4ter man"},"content":{"rendered":"<p>PM &amp; V\u00e4nner, V\u00e4xj\u00f6<br \/>\n<a href=\"http:\/\/www.pmrestauranger.se\" target=\"_blank\">www.pmrestauranger.se<\/a><\/p>\n<p>Daniel Berlin, Sk\u00e5ne Tran\u00e5s<br \/>\n<a href=\"http:\/\/www.danielberlin.se\" target=\"_blank\">www.danielberlin.se<\/a><\/p>\n<p>Sofiero Slott, Helsingborg<br \/>\n<a href=\"http:\/\/www.sofieroslottsrestaurang.se\" target=\"_blank\">www.sofieroslottsrestaurang.se<\/a><\/p>\n<p>Grand i Lund<br \/>\n<a href=\"http:\/\/www.grandilund.se\" target=\"_blank\">www.grandilund.se<\/a><\/p>\n<p>Stortorget, Lund<br \/>\n<a href=\"http:\/\/www.stortorget.net\" target=\"_blank\">www.stortorget.net<\/a><\/p>\n<p>The Lodge, Genarp<br \/>\n<a href=\"http:\/\/www.thelodge.se\" target=\"_blank\">www.thelodge.se<\/a><\/p>\n<p>Moosehead, Malm\u00f6<br \/>\n<a href=\"http:\/\/www.moosehead.se\" target=\"_blank\">www.moosehead.se<\/a><\/p>\n<p>Restaurang P2, Malm\u00f6<br \/>\n<a href=\"http:\/\/www.restaurangp2.se\" target=\"_blank\">www.restaurangp2.se<\/a><\/p>\n<p>V\u00e4lf\u00e4rden, Malm\u00f6<br \/>\n<a href=\"http:\/\/www.valfarden.se\" target=\"_blank\">www.valfarden.se<\/a><\/p>\n<p>Gr\u00e4ddhyllan, Lund<br \/>\n<a href=\"http:\/\/www.graddhyllan.com\" target=\"_blank\">www.graddhyllan.com<\/a><\/p>\n<p>Restaurang Tranan, Sibbhult<br \/>\n<a href=\"http:\/\/www.tranan.net\" target=\"_blank\">www.tranan.net<\/a><\/p>\n<p>Kafe De Luxe, V\u00e4xj\u00f6<br \/>\n<a href=\"http:\/\/www.kafedeluxe.se\" target=\"_blank\">www.kafedeluxe.se<\/a><\/p>\n<p>Gr\u00e4ddhyllan, V\u00e4xj\u00f6<br \/>\n<a href=\"http:\/\/www.graddhyllan.info\" target=\"_blank\">www.graddhyllan.info<\/a><\/p>\n<p>Bara Burgare, Kristianstad<br \/>\n<a href=\"http:\/\/www.baraburgare.nu\" target=\"_balnk\">www.baraburgare.nu<\/a><br \/>\n<a href=\"https:\/\/www.facebook.com\/baraBURGARE\/\">www.facebook.com\/baraBURGARE<\/a><\/p>\n","protected":false},"excerpt":{"rendered":"<p>PM &amp; V\u00e4nner, V\u00e4xj\u00f6 www.pmrestauranger.se Daniel Berlin, Sk\u00e5ne Tran\u00e5s www.danielberlin.se Sofiero Slott, Helsingborg www.sofieroslottsrestaurang.se Grand i Lund www.grandilund.se Stortorget, Lund www.stortorget.net The Lodge, Genarp www.thelodge.se Moosehead, Malm\u00f6 www.moosehead.se Restaurang P2, Malm\u00f6 www.restaurangp2.se V\u00e4lf\u00e4rden, Malm\u00f6 www.valfarden.se Gr\u00e4ddhyllan, Lund www.graddhyllan.com Restaurang Tranan, Sibbhult www.tranan.net Kafe De Luxe, V\u00e4xj\u00f6 www.kafedeluxe.se Gr\u00e4ddhyllan, V\u00e4xj\u00f6 www.graddhyllan.info Bara Burgare, Kristianstad www.baraburgare.nu www.facebook.com\/baraBURGARE<\/p>\n","protected":false},"author":2,"featured_media":0,"parent":0,"menu_order":0,"comment_status":"closed","ping_status":"closed","template":"","meta":{"footnotes":""},"class_list":["post-42","page","type-page","status-publish","hentry"],"_links":{"self":[{"href":"https:\/\/www.friskatorpet.se\/index.php\/wp-json\/wp\/v2\/pages\/42","targetHints":{"allow":["GET"]}}],"collection":[{"href":"https:\/\/www.friskatorpet.se\/index.php\/wp-json\/wp\/v2\/pages"}],"about":[{"href":"https:\/\/www.friskatorpet.se\/index.php\/wp-json\/wp\/v2\/types\/page"}],"author":[{"embeddable":true,"href":"https:\/\/www.friskatorpet.se\/index.php\/wp-json\/wp\/v2\/users\/2"}],"replies":[{"embeddable":true,"href":"https:\/\/www.friskatorpet.se\/index.php\/wp-json\/wp\/v2\/comments?post=42"}],"version-history":[{"count":6,"href":"https:\/\/www.friskatorpet.se\/index.php\/wp-json\/wp\/v2\/pages\/42\/revisions"}],"predecessor-version":[{"id":269,"href":"https:\/\/www.friskatorpet.se\/index.php\/wp-json\/wp\/v2\/pages\/42\/revisions\/269"}],"wp:attachment":[{"href":"https:\/\/www.friskatorpet.se\/index.php\/wp-json\/wp\/v2\/media?parent=42"}],"curies":[{"name":"wp","href":"https:\/\/api.w.org\/{rel}","templated":true}]}}