{"id":370,"date":"2020-06-06T09:25:14","date_gmt":"2020-06-06T07:25:14","guid":{"rendered":"http:\/\/www.friskatorpet.se\/?page_id=370"},"modified":"2020-06-06T09:25:14","modified_gmt":"2020-06-06T07:25:14","slug":"beskrivning","status":"publish","type":"page","link":"https:\/\/www.friskatorpet.se\/index.php\/beskrivning\/","title":{"rendered":"Beskrivning"},"content":{"rendered":"<p>Friskatorpets k\u00f6tt \u00e4r saftigt och m\u00f6rt och det h\u00e5ller en mycket h\u00f6g och j\u00e4mn kvalitet. K\u00f6ttet f\u00e5r sin kvalitet tack vare att djuren har en l\u00e4ngre uppf\u00f6dningstid med<br \/>\nbete. Djurslagen \u00e4r kviga eller stut.<\/p>\n<p>Betesdjuren har en annan typ av fettuppbyggnad d\u00e4r fettet \u00e4r inspr\u00e4ngt i muskelmassan (marmorerat). Fettuppbyggnaden blir s\u00e5dan tack vare att djuren har vuxit upp p\u00e5 bete och r\u00f6rt sig mycket. Marmoreringen g\u00f6r k\u00f6ttet extra smakrikt eftersom smaken sitter just i fettet och den g\u00f6r att k\u00f6ttet h\u00e5ller sig m\u00f6rt och smakrikt \u00e4nda fram till tallriken.<\/p>\n<p>Korna \u00e4ter endast gr\u00e4s sommartid och vintertid f\u00e5r de drank och restprodukter fr\u00e5n den Sk\u00e5nska livmedelsindustrin tillsammans med h\u00f6, halm och ensilage.<\/p>\n<p><img loading=\"lazy\" decoding=\"async\" class=\"alignleft size-full wp-image-371\" src=\"http:\/\/www.friskatorpet.se\/wp-content\/uploads\/2020\/06\/baksida_justerad2-scaled.jpg\" alt=\"\" width=\"2560\" height=\"1706\" srcset=\"https:\/\/www.friskatorpet.se\/wp-content\/uploads\/2020\/06\/baksida_justerad2-scaled.jpg 2560w, https:\/\/www.friskatorpet.se\/wp-content\/uploads\/2020\/06\/baksida_justerad2-300x200.jpg 300w, https:\/\/www.friskatorpet.se\/wp-content\/uploads\/2020\/06\/baksida_justerad2-1024x682.jpg 1024w, https:\/\/www.friskatorpet.se\/wp-content\/uploads\/2020\/06\/baksida_justerad2-768x512.jpg 768w, https:\/\/www.friskatorpet.se\/wp-content\/uploads\/2020\/06\/baksida_justerad2-1536x1024.jpg 1536w, https:\/\/www.friskatorpet.se\/wp-content\/uploads\/2020\/06\/baksida_justerad2-2048x1365.jpg 2048w, https:\/\/www.friskatorpet.se\/wp-content\/uploads\/2020\/06\/baksida_justerad2-676x451.jpg 676w\" sizes=\"auto, (max-width: 2560px) 100vw, 2560px\" \/> <img loading=\"lazy\" decoding=\"async\" class=\"alignleft size-full wp-image-372\" src=\"http:\/\/www.friskatorpet.se\/wp-content\/uploads\/2020\/06\/2011-07-19-13h27m54_just-scaled.jpg\" alt=\"\" width=\"2560\" height=\"1920\" srcset=\"https:\/\/www.friskatorpet.se\/wp-content\/uploads\/2020\/06\/2011-07-19-13h27m54_just-scaled.jpg 2560w, https:\/\/www.friskatorpet.se\/wp-content\/uploads\/2020\/06\/2011-07-19-13h27m54_just-300x225.jpg 300w, https:\/\/www.friskatorpet.se\/wp-content\/uploads\/2020\/06\/2011-07-19-13h27m54_just-1024x768.jpg 1024w, https:\/\/www.friskatorpet.se\/wp-content\/uploads\/2020\/06\/2011-07-19-13h27m54_just-768x576.jpg 768w, https:\/\/www.friskatorpet.se\/wp-content\/uploads\/2020\/06\/2011-07-19-13h27m54_just-1536x1152.jpg 1536w, https:\/\/www.friskatorpet.se\/wp-content\/uploads\/2020\/06\/2011-07-19-13h27m54_just-2048x1536.jpg 2048w, https:\/\/www.friskatorpet.se\/wp-content\/uploads\/2020\/06\/2011-07-19-13h27m54_just-676x507.jpg 676w\" sizes=\"auto, (max-width: 2560px) 100vw, 2560px\" \/><\/p>\n","protected":false},"excerpt":{"rendered":"<p>Friskatorpets k\u00f6tt \u00e4r saftigt och m\u00f6rt och det h\u00e5ller en mycket h\u00f6g och j\u00e4mn kvalitet. K\u00f6ttet f\u00e5r sin kvalitet tack vare att djuren har en l\u00e4ngre uppf\u00f6dningstid med bete. Djurslagen \u00e4r kviga eller stut. Betesdjuren har en annan typ av fettuppbyggnad d\u00e4r fettet \u00e4r inspr\u00e4ngt i muskelmassan (marmorerat). Fettuppbyggnaden blir s\u00e5dan tack vare att djuren [&hellip;]<\/p>\n","protected":false},"author":2,"featured_media":0,"parent":0,"menu_order":0,"comment_status":"closed","ping_status":"closed","template":"","meta":{"footnotes":""},"class_list":["post-370","page","type-page","status-publish","hentry"],"_links":{"self":[{"href":"https:\/\/www.friskatorpet.se\/index.php\/wp-json\/wp\/v2\/pages\/370","targetHints":{"allow":["GET"]}}],"collection":[{"href":"https:\/\/www.friskatorpet.se\/index.php\/wp-json\/wp\/v2\/pages"}],"about":[{"href":"https:\/\/www.friskatorpet.se\/index.php\/wp-json\/wp\/v2\/types\/page"}],"author":[{"embeddable":true,"href":"https:\/\/www.friskatorpet.se\/index.php\/wp-json\/wp\/v2\/users\/2"}],"replies":[{"embeddable":true,"href":"https:\/\/www.friskatorpet.se\/index.php\/wp-json\/wp\/v2\/comments?post=370"}],"version-history":[{"count":1,"href":"https:\/\/www.friskatorpet.se\/index.php\/wp-json\/wp\/v2\/pages\/370\/revisions"}],"predecessor-version":[{"id":373,"href":"https:\/\/www.friskatorpet.se\/index.php\/wp-json\/wp\/v2\/pages\/370\/revisions\/373"}],"wp:attachment":[{"href":"https:\/\/www.friskatorpet.se\/index.php\/wp-json\/wp\/v2\/media?parent=370"}],"curies":[{"name":"wp","href":"https:\/\/api.w.org\/{rel}","templated":true}]}}