{"id":33,"date":"2015-04-28T18:48:51","date_gmt":"2015-04-28T16:48:51","guid":{"rendered":"http:\/\/www.friskatorpet.se\/?page_id=33"},"modified":"2020-06-06T09:26:03","modified_gmt":"2020-06-06T07:26:03","slug":"var-koper-man","status":"publish","type":"page","link":"https:\/\/www.friskatorpet.se\/index.php\/kottet\/var-koper-man\/","title":{"rendered":"Var k\u00f6per man"},"content":{"rendered":"<p>CITYGROSS KRISTIANSATD<br \/>\nFundationsv\u00e4gen 9,<br \/>\n291 28 Kristianstad<br \/>\n044-7808514<\/p>\n<p>BONDENS SKAFFERI I \u00c5HUS<br \/>\nStormgatan 16,<br \/>\n296 32 \u00c5hus<br \/>\n0763-071750<br \/>\n<a href=\"butik@bondensskafferi.se\">butik@bondensskafferi.se<\/a><\/p>\n<p>Harastorps G\u00e4stabud<br \/>\n\u00c5byv\u00e4gen 300<br \/>\nF\u00c4RL\u00d6V<br \/>\n044- 732 52<br \/>\n<a href=\"mailto:irene.roslund@gmail.com\">irene.roslund@gmail.com<\/a><\/p>\n<p>Grands Deli<br \/>\nKlostergatan 11<br \/>\nLUND<br \/>\n046-280 64 00<br \/>\n<a href=\"mailto:info@granddeli.se\">info@granddeli.se<\/a><\/p>\n<p>M\u00e4sterlivs<br \/>\nSundstorget 14<br \/>\nHELSINGBORG<br \/>\n042- 18 00 70<\/p>\n<p>Skillinge Sparris<br \/>\n\u00d6rnahusv\u00e4gen 11<br \/>\nBORRBY<br \/>\n0414- 300 88<\/p>\n<p>Gr\u00f6na Butiken<br \/>\nOrelund R\u00f6rum 26<br \/>\nSIMRISHAMN<br \/>\n0414-243 00<br \/>\n<a href=\"mailto:info@orelund.se\">info@orelund.se<\/a><\/p>\n","protected":false},"excerpt":{"rendered":"<p>CITYGROSS KRISTIANSATD Fundationsv\u00e4gen 9, 291 28 Kristianstad 044-7808514 BONDENS SKAFFERI I \u00c5HUS Stormgatan 16, 296 32 \u00c5hus 0763-071750 butik@bondensskafferi.se Harastorps G\u00e4stabud \u00c5byv\u00e4gen 300 F\u00c4RL\u00d6V 044- 732 52 irene.roslund@gmail.com Grands Deli Klostergatan 11 LUND 046-280 64 00 info@granddeli.se M\u00e4sterlivs Sundstorget 14 HELSINGBORG 042- 18 00 70 Skillinge Sparris \u00d6rnahusv\u00e4gen 11 BORRBY 0414- 300 88 Gr\u00f6na Butiken [&hellip;]<\/p>\n","protected":false},"author":2,"featured_media":0,"parent":30,"menu_order":1,"comment_status":"closed","ping_status":"closed","template":"","meta":{"footnotes":""},"class_list":["post-33","page","type-page","status-publish","hentry"],"_links":{"self":[{"href":"https:\/\/www.friskatorpet.se\/index.php\/wp-json\/wp\/v2\/pages\/33","targetHints":{"allow":["GET"]}}],"collection":[{"href":"https:\/\/www.friskatorpet.se\/index.php\/wp-json\/wp\/v2\/pages"}],"about":[{"href":"https:\/\/www.friskatorpet.se\/index.php\/wp-json\/wp\/v2\/types\/page"}],"author":[{"embeddable":true,"href":"https:\/\/www.friskatorpet.se\/index.php\/wp-json\/wp\/v2\/users\/2"}],"replies":[{"embeddable":true,"href":"https:\/\/www.friskatorpet.se\/index.php\/wp-json\/wp\/v2\/comments?post=33"}],"version-history":[{"count":8,"href":"https:\/\/www.friskatorpet.se\/index.php\/wp-json\/wp\/v2\/pages\/33\/revisions"}],"predecessor-version":[{"id":374,"href":"https:\/\/www.friskatorpet.se\/index.php\/wp-json\/wp\/v2\/pages\/33\/revisions\/374"}],"up":[{"embeddable":true,"href":"https:\/\/www.friskatorpet.se\/index.php\/wp-json\/wp\/v2\/pages\/30"}],"wp:attachment":[{"href":"https:\/\/www.friskatorpet.se\/index.php\/wp-json\/wp\/v2\/media?parent=33"}],"curies":[{"name":"wp","href":"https:\/\/api.w.org\/{rel}","templated":true}]}}