{"id":30,"date":"2015-04-28T18:36:30","date_gmt":"2015-04-28T16:36:30","guid":{"rendered":"http:\/\/www.friskatorpet.se\/?page_id=30"},"modified":"2015-05-02T06:33:35","modified_gmt":"2015-05-02T04:33:35","slug":"kottet","status":"publish","type":"page","link":"https:\/\/www.friskatorpet.se\/index.php\/kottet\/","title":{"rendered":"K\u00f6ttet"},"content":{"rendered":"<p>Djur som betar p\u00e5 naturbeten utan tillskottsfoder som kraftfoder och spannm\u00e5l f\u00e5r en mindre del m\u00e4ttat fett och mer omega 3 i sin fettsammans\u00e4ttning. Detta \u00e4r positivt f\u00f6r blodets kolesterolv\u00e4rde som p\u00e5verkar risken f\u00f6r hj\u00e4rt och k\u00e4rlsjukdomar. Att djuren betar p\u00e5 Rinkbyf\u00e4len skapar allts\u00e5 livskvalit\u00e9 f\u00f6r djur, v\u00e4xter och m\u00e4nskor. Angus kommer fr\u00e5n Scottland och \u00e4r en av f\u00e5 raser som redan fr\u00e5n start \u00e4r avlad f\u00f6r sin fina \u00e4tkvalit\u00e9t. K\u00f6ttet har en naturlig marmorering vilket ger ett saftigare och mer smakrikt k\u00f6tt. K\u00f6ttet \u00e4r m\u00f6rt och mj\u00e4llt eftersom det h\u00e4ngm\u00f6ras i tre veckor. K\u00f6ttet fr\u00e5n Friskatorpet har en kraftigare och fylligare smak som vi tror kommer fr\u00e5n att djuren endast \u00e4tit grovfodet. M\u00e5nga upplever detta som att k\u00f6ttet smakar som k\u00f6tt smakade f\u00f6rr.<\/p>\n","protected":false},"excerpt":{"rendered":"<p>Djur som betar p\u00e5 naturbeten utan tillskottsfoder som kraftfoder och spannm\u00e5l f\u00e5r en mindre del m\u00e4ttat fett och mer omega 3 i sin fettsammans\u00e4ttning. Detta \u00e4r positivt f\u00f6r blodets kolesterolv\u00e4rde som p\u00e5verkar risken f\u00f6r hj\u00e4rt och k\u00e4rlsjukdomar. Att djuren betar p\u00e5 Rinkbyf\u00e4len skapar allts\u00e5 livskvalit\u00e9 f\u00f6r djur, v\u00e4xter och m\u00e4nskor. Angus kommer fr\u00e5n Scottland och [&hellip;]<\/p>\n","protected":false},"author":2,"featured_media":0,"parent":0,"menu_order":0,"comment_status":"closed","ping_status":"closed","template":"","meta":{"footnotes":""},"class_list":["post-30","page","type-page","status-publish","hentry"],"_links":{"self":[{"href":"https:\/\/www.friskatorpet.se\/index.php\/wp-json\/wp\/v2\/pages\/30","targetHints":{"allow":["GET"]}}],"collection":[{"href":"https:\/\/www.friskatorpet.se\/index.php\/wp-json\/wp\/v2\/pages"}],"about":[{"href":"https:\/\/www.friskatorpet.se\/index.php\/wp-json\/wp\/v2\/types\/page"}],"author":[{"embeddable":true,"href":"https:\/\/www.friskatorpet.se\/index.php\/wp-json\/wp\/v2\/users\/2"}],"replies":[{"embeddable":true,"href":"https:\/\/www.friskatorpet.se\/index.php\/wp-json\/wp\/v2\/comments?post=30"}],"version-history":[{"count":4,"href":"https:\/\/www.friskatorpet.se\/index.php\/wp-json\/wp\/v2\/pages\/30\/revisions"}],"predecessor-version":[{"id":122,"href":"https:\/\/www.friskatorpet.se\/index.php\/wp-json\/wp\/v2\/pages\/30\/revisions\/122"}],"wp:attachment":[{"href":"https:\/\/www.friskatorpet.se\/index.php\/wp-json\/wp\/v2\/media?parent=30"}],"curies":[{"name":"wp","href":"https:\/\/api.w.org\/{rel}","templated":true}]}}