{"id":297,"date":"2016-11-27T08:18:36","date_gmt":"2016-11-27T07:18:36","guid":{"rendered":"http:\/\/www.friskatorpet.se\/?page_id=297"},"modified":"2016-11-27T08:20:02","modified_gmt":"2016-11-27T07:20:02","slug":"elmia-2016","status":"publish","type":"page","link":"https:\/\/www.friskatorpet.se\/index.php\/elmia-2016\/","title":{"rendered":"Elmia 2016"},"content":{"rendered":"<p><img loading=\"lazy\" decoding=\"async\" src=\"http:\/\/www.friskatorpet.se\/wp-content\/uploads\/2016\/11\/Red-Tom-2.jpg\" alt=\"red-tom-2\" width=\"1280\" height=\"837\" \/><\/p>\n<p><img loading=\"lazy\" decoding=\"async\" src=\"http:\/\/www.friskatorpet.se\/wp-content\/uploads\/2016\/11\/Red-Tom-1.jpg\" alt=\"red-tom-1\" width=\"1280\" height=\"875\" \/><\/p>\n<p>Champion Elmia 2016 Red Tom av Fogdeg\u00e5rden<br \/>\nFar: Paringa Iron Ore AUS<br \/>\nMor:Bayshore av Fogdeg\u00e5rden ET CAN<\/p>\n<hr \/>\n<p><img loading=\"lazy\" decoding=\"async\" src=\"http:\/\/www.friskatorpet.se\/wp-content\/uploads\/2016\/11\/191-Red-Vampyr.jpg\" alt=\"191-red-vampyr\" width=\"1280\" height=\"848\" \/><\/p>\n<p>191 Red Vampyr ET av Friskatorpet<br \/>\nFar:Red Lazy MC CC Detour 2W CAN<br \/>\nMor:Red YY Patty 701 CAN<\/p>\n<p>Vampyrs helbror Red Vintage finns p\u00e5 individpr\u00f6vningen i Gunnarp. F\u00f6lj honom p\u00e5 <a href=\"http:\/\/www.kottrasprovningen.se\">www.kottrasprovningen.se<\/a><\/p>\n","protected":false},"excerpt":{"rendered":"<p>Champion Elmia 2016 Red Tom av Fogdeg\u00e5rden Far: Paringa Iron Ore AUS Mor:Bayshore av Fogdeg\u00e5rden ET CAN 191 Red Vampyr ET av Friskatorpet Far:Red Lazy MC CC Detour 2W CAN Mor:Red YY Patty 701 CAN Vampyrs helbror Red Vintage finns p\u00e5 individpr\u00f6vningen i Gunnarp. F\u00f6lj honom p\u00e5 www.kottrasprovningen.se<\/p>\n","protected":false},"author":2,"featured_media":0,"parent":0,"menu_order":0,"comment_status":"closed","ping_status":"closed","template":"","meta":{"footnotes":""},"class_list":["post-297","page","type-page","status-publish","hentry"],"_links":{"self":[{"href":"https:\/\/www.friskatorpet.se\/index.php\/wp-json\/wp\/v2\/pages\/297","targetHints":{"allow":["GET"]}}],"collection":[{"href":"https:\/\/www.friskatorpet.se\/index.php\/wp-json\/wp\/v2\/pages"}],"about":[{"href":"https:\/\/www.friskatorpet.se\/index.php\/wp-json\/wp\/v2\/types\/page"}],"author":[{"embeddable":true,"href":"https:\/\/www.friskatorpet.se\/index.php\/wp-json\/wp\/v2\/users\/2"}],"replies":[{"embeddable":true,"href":"https:\/\/www.friskatorpet.se\/index.php\/wp-json\/wp\/v2\/comments?post=297"}],"version-history":[{"count":2,"href":"https:\/\/www.friskatorpet.se\/index.php\/wp-json\/wp\/v2\/pages\/297\/revisions"}],"predecessor-version":[{"id":302,"href":"https:\/\/www.friskatorpet.se\/index.php\/wp-json\/wp\/v2\/pages\/297\/revisions\/302"}],"wp:attachment":[{"href":"https:\/\/www.friskatorpet.se\/index.php\/wp-json\/wp\/v2\/media?parent=297"}],"curies":[{"name":"wp","href":"https:\/\/api.w.org\/{rel}","templated":true}]}}