{"id":170,"date":"2015-05-02T07:57:34","date_gmt":"2015-05-02T05:57:34","guid":{"rendered":"http:\/\/www.friskatorpet.se\/?page_id=170"},"modified":"2015-05-02T08:06:05","modified_gmt":"2015-05-02T06:06:05","slug":"mila-2014","status":"publish","type":"page","link":"https:\/\/www.friskatorpet.se\/index.php\/mila-2014\/","title":{"rendered":"Mila 2014"},"content":{"rendered":"<p><img loading=\"lazy\" decoding=\"async\" class=\" wp-image-139\" src=\"http:\/\/www.friskatorpet.se\/wp-content\/uploads\/2015\/05\/nDSC08653-300x199.jpg\" alt=\"\" width=\"615\" height=\"408\" srcset=\"https:\/\/www.friskatorpet.se\/wp-content\/uploads\/2015\/05\/nDSC08653-300x199.jpg 300w, https:\/\/www.friskatorpet.se\/wp-content\/uploads\/2015\/05\/nDSC08653-676x449.jpg 676w, https:\/\/www.friskatorpet.se\/wp-content\/uploads\/2015\/05\/nDSC08653.jpg 700w\" sizes=\"auto, (max-width: 615px) 100vw, 615px\" \/><\/p>\n<p>Fr\u00e5n h\u00f6ger, Klassvinnare 5765 ET Scheriffen av Friskatorpet<br \/>\nEfter tjuren Peak Dot Resolute 37W<\/p>\n<p>I mitten, Klasstv\u00e5an 5768 Red Samuraj av Friskatorpet<br \/>\nTrea i klassen p\u00e5 Elmia 2013<br \/>\nS\u00e5ld till Magnus Bengtsson Bjuv<\/p>\n<p>Till v\u00e4nster,Klasstrean 5799 Simba av Friskatorpet<br \/>\nS\u00e5ld p\u00e5 Milaauktionen.<\/p>\n<p><img loading=\"lazy\" decoding=\"async\" class=\" wp-image-140\" src=\"http:\/\/www.friskatorpet.se\/wp-content\/uploads\/2015\/05\/nDSC08683-300x199.jpg\" alt=\"\" width=\"615\" height=\"408\" srcset=\"https:\/\/www.friskatorpet.se\/wp-content\/uploads\/2015\/05\/nDSC08683-300x199.jpg 300w, https:\/\/www.friskatorpet.se\/wp-content\/uploads\/2015\/05\/nDSC08683-676x449.jpg 676w, https:\/\/www.friskatorpet.se\/wp-content\/uploads\/2015\/05\/nDSC08683.jpg 700w\" sizes=\"auto, (max-width: 615px) 100vw, 615px\" \/><\/p>\n<p><img loading=\"lazy\" decoding=\"async\" class=\" wp-image-141\" src=\"http:\/\/www.friskatorpet.se\/wp-content\/uploads\/2015\/05\/nDSC08703-300x199.jpg\" alt=\"\" width=\"615\" height=\"408\" srcset=\"https:\/\/www.friskatorpet.se\/wp-content\/uploads\/2015\/05\/nDSC08703-300x199.jpg 300w, https:\/\/www.friskatorpet.se\/wp-content\/uploads\/2015\/05\/nDSC08703-676x449.jpg 676w, https:\/\/www.friskatorpet.se\/wp-content\/uploads\/2015\/05\/nDSC08703.jpg 700w\" sizes=\"auto, (max-width: 615px) 100vw, 615px\" \/><\/p>\n<p><img loading=\"lazy\" decoding=\"async\" class=\" wp-image-142\" src=\"http:\/\/www.friskatorpet.se\/wp-content\/uploads\/2015\/05\/nDSC08709-300x199.jpg\" alt=\"\" width=\"615\" height=\"408\" srcset=\"https:\/\/www.friskatorpet.se\/wp-content\/uploads\/2015\/05\/nDSC08709-300x199.jpg 300w, https:\/\/www.friskatorpet.se\/wp-content\/uploads\/2015\/05\/nDSC08709-676x449.jpg 676w, https:\/\/www.friskatorpet.se\/wp-content\/uploads\/2015\/05\/nDSC08709.jpg 700w\" sizes=\"auto, (max-width: 615px) 100vw, 615px\" \/><br \/>\nFr\u00e5n h\u00f6ger Klassvinnaren 5535 ET Red Rudolf av Friskatorpet<br \/>\nEfter tjuren Red Fine Line Mullberry.<br \/>\n<img loading=\"lazy\" decoding=\"async\" class=\" wp-image-143\" src=\"http:\/\/www.friskatorpet.se\/wp-content\/uploads\/2015\/05\/nDSC08806-300x199.jpg\" alt=\"\" width=\"615\" height=\"408\" srcset=\"https:\/\/www.friskatorpet.se\/wp-content\/uploads\/2015\/05\/nDSC08806-300x199.jpg 300w, https:\/\/www.friskatorpet.se\/wp-content\/uploads\/2015\/05\/nDSC08806-676x449.jpg 676w, https:\/\/www.friskatorpet.se\/wp-content\/uploads\/2015\/05\/nDSC08806.jpg 700w\" sizes=\"auto, (max-width: 615px) 100vw, 615px\" \/><\/p>\n","protected":false},"excerpt":{"rendered":"<p>Fr\u00e5n h\u00f6ger, Klassvinnare 5765 ET Scheriffen av Friskatorpet Efter tjuren Peak Dot Resolute 37W I mitten, Klasstv\u00e5an 5768 Red Samuraj av Friskatorpet Trea i klassen p\u00e5 Elmia 2013 S\u00e5ld till Magnus Bengtsson Bjuv Till v\u00e4nster,Klasstrean 5799 Simba av Friskatorpet S\u00e5ld p\u00e5 Milaauktionen. Fr\u00e5n h\u00f6ger Klassvinnaren 5535 ET Red Rudolf av Friskatorpet Efter tjuren Red Fine [&hellip;]<\/p>\n","protected":false},"author":2,"featured_media":0,"parent":0,"menu_order":0,"comment_status":"closed","ping_status":"closed","template":"","meta":{"footnotes":""},"class_list":["post-170","page","type-page","status-publish","hentry"],"_links":{"self":[{"href":"https:\/\/www.friskatorpet.se\/index.php\/wp-json\/wp\/v2\/pages\/170","targetHints":{"allow":["GET"]}}],"collection":[{"href":"https:\/\/www.friskatorpet.se\/index.php\/wp-json\/wp\/v2\/pages"}],"about":[{"href":"https:\/\/www.friskatorpet.se\/index.php\/wp-json\/wp\/v2\/types\/page"}],"author":[{"embeddable":true,"href":"https:\/\/www.friskatorpet.se\/index.php\/wp-json\/wp\/v2\/users\/2"}],"replies":[{"embeddable":true,"href":"https:\/\/www.friskatorpet.se\/index.php\/wp-json\/wp\/v2\/comments?post=170"}],"version-history":[{"count":3,"href":"https:\/\/www.friskatorpet.se\/index.php\/wp-json\/wp\/v2\/pages\/170\/revisions"}],"predecessor-version":[{"id":173,"href":"https:\/\/www.friskatorpet.se\/index.php\/wp-json\/wp\/v2\/pages\/170\/revisions\/173"}],"wp:attachment":[{"href":"https:\/\/www.friskatorpet.se\/index.php\/wp-json\/wp\/v2\/media?parent=170"}],"curies":[{"name":"wp","href":"https:\/\/api.w.org\/{rel}","templated":true}]}}