{"id":168,"date":"2015-05-02T07:54:44","date_gmt":"2015-05-02T05:54:44","guid":{"rendered":"http:\/\/www.friskatorpet.se\/?page_id=168"},"modified":"2015-05-02T07:54:44","modified_gmt":"2015-05-02T05:54:44","slug":"utstallningar","status":"publish","type":"page","link":"https:\/\/www.friskatorpet.se\/index.php\/utstallningar\/","title":{"rendered":"Utst\u00e4llningar"},"content":{"rendered":"<p>Lite d\u00e5 och d\u00e5 \u00e4r vi p\u00e5 utst\u00e4llning.<\/p>\n","protected":false},"excerpt":{"rendered":"<p>Lite d\u00e5 och d\u00e5 \u00e4r vi p\u00e5 utst\u00e4llning.<\/p>\n","protected":false},"author":2,"featured_media":0,"parent":0,"menu_order":0,"comment_status":"closed","ping_status":"closed","template":"","meta":{"footnotes":""},"class_list":["post-168","page","type-page","status-publish","hentry"],"_links":{"self":[{"href":"https:\/\/www.friskatorpet.se\/index.php\/wp-json\/wp\/v2\/pages\/168","targetHints":{"allow":["GET"]}}],"collection":[{"href":"https:\/\/www.friskatorpet.se\/index.php\/wp-json\/wp\/v2\/pages"}],"about":[{"href":"https:\/\/www.friskatorpet.se\/index.php\/wp-json\/wp\/v2\/types\/page"}],"author":[{"embeddable":true,"href":"https:\/\/www.friskatorpet.se\/index.php\/wp-json\/wp\/v2\/users\/2"}],"replies":[{"embeddable":true,"href":"https:\/\/www.friskatorpet.se\/index.php\/wp-json\/wp\/v2\/comments?post=168"}],"version-history":[{"count":1,"href":"https:\/\/www.friskatorpet.se\/index.php\/wp-json\/wp\/v2\/pages\/168\/revisions"}],"predecessor-version":[{"id":169,"href":"https:\/\/www.friskatorpet.se\/index.php\/wp-json\/wp\/v2\/pages\/168\/revisions\/169"}],"wp:attachment":[{"href":"https:\/\/www.friskatorpet.se\/index.php\/wp-json\/wp\/v2\/media?parent=168"}],"curies":[{"name":"wp","href":"https:\/\/api.w.org\/{rel}","templated":true}]}}