{"id":107,"date":"2015-05-01T21:23:08","date_gmt":"2015-05-01T19:23:08","guid":{"rendered":"http:\/\/www.friskatorpet.se\/?page_id=107"},"modified":"2015-05-04T22:33:30","modified_gmt":"2015-05-04T20:33:30","slug":"vagning","status":"publish","type":"page","link":"https:\/\/www.friskatorpet.se\/index.php\/vagning\/","title":{"rendered":"V\u00e4gning"},"content":{"rendered":"<p>Vi v\u00e4ger alla Anguskalvar f\u00f6r att f\u00e5 en korrekt f\u00f6delsevikt. Denna bur p\u00e5 lastaren har revolutionerat detta arbete. Kon st\u00e5r lugnt p\u00e5 utsidan och har kontakt med sin kalv. Buren \u00e4r utrustad med v\u00e5gplatta.<\/p>\n<p>Till korsningarna anv\u00e4nder vi denna bur f\u00f6r m\u00e4rkning vilket \u00e4ven \u00f6kat lugnet h\u00e4r avsev\u00e4rt. Buren \u00e4r \u00e4ven bra om n\u00e5gon kalv beh\u00f6ver behandlas.<\/p>\n<table>\n<tbody>\n<tr>\n<td><img loading=\"lazy\" decoding=\"async\" class=\"alignnone noborder size-medium wp-image-136\" src=\"http:\/\/www.friskatorpet.se\/wp-content\/uploads\/2015\/05\/nDSC00276-300x168.jpg\" alt=\"nDSC00276\" width=\"300\" height=\"168\" srcset=\"https:\/\/www.friskatorpet.se\/wp-content\/uploads\/2015\/05\/nDSC00276-300x168.jpg 300w, https:\/\/www.friskatorpet.se\/wp-content\/uploads\/2015\/05\/nDSC00276-676x380.jpg 676w, https:\/\/www.friskatorpet.se\/wp-content\/uploads\/2015\/05\/nDSC00276.jpg 700w\" sizes=\"auto, (max-width: 300px) 100vw, 300px\" \/><img loading=\"lazy\" decoding=\"async\" class=\"alignnone noborder size-medium wp-image-137\" src=\"http:\/\/www.friskatorpet.se\/wp-content\/uploads\/2015\/05\/nDSC00280-300x168.jpg\" alt=\"nDSC00280\" width=\"300\" height=\"168\" srcset=\"https:\/\/www.friskatorpet.se\/wp-content\/uploads\/2015\/05\/nDSC00280-300x168.jpg 300w, https:\/\/www.friskatorpet.se\/wp-content\/uploads\/2015\/05\/nDSC00280-676x380.jpg 676w, https:\/\/www.friskatorpet.se\/wp-content\/uploads\/2015\/05\/nDSC00280.jpg 700w\" sizes=\"auto, (max-width: 300px) 100vw, 300px\" \/><\/td>\n<td><\/td>\n<\/tr>\n<tr>\n<td><img loading=\"lazy\" decoding=\"async\" class=\"alignnone noborder size-medium wp-image-138\" src=\"http:\/\/www.friskatorpet.se\/wp-content\/uploads\/2015\/05\/nDSC00290-300x168.jpg\" alt=\"nDSC00290\" width=\"300\" height=\"168\" srcset=\"https:\/\/www.friskatorpet.se\/wp-content\/uploads\/2015\/05\/nDSC00290-300x168.jpg 300w, https:\/\/www.friskatorpet.se\/wp-content\/uploads\/2015\/05\/nDSC00290-676x380.jpg 676w, https:\/\/www.friskatorpet.se\/wp-content\/uploads\/2015\/05\/nDSC00290.jpg 700w\" sizes=\"auto, (max-width: 300px) 100vw, 300px\" \/><img loading=\"lazy\" decoding=\"async\" class=\"alignnone noborder size-medium wp-image-135\" src=\"http:\/\/www.friskatorpet.se\/wp-content\/uploads\/2015\/05\/nDSC00272-300x168.jpg\" alt=\"nDSC00272\" width=\"300\" height=\"168\" srcset=\"https:\/\/www.friskatorpet.se\/wp-content\/uploads\/2015\/05\/nDSC00272-300x168.jpg 300w, https:\/\/www.friskatorpet.se\/wp-content\/uploads\/2015\/05\/nDSC00272-676x380.jpg 676w, https:\/\/www.friskatorpet.se\/wp-content\/uploads\/2015\/05\/nDSC00272.jpg 700w\" sizes=\"auto, (max-width: 300px) 100vw, 300px\" \/><\/td>\n<td><\/td>\n<\/tr>\n<\/tbody>\n<\/table>\n<p>&nbsp;<\/p>\n<p>&nbsp;<\/p>\n","protected":false},"excerpt":{"rendered":"<p>Vi v\u00e4ger alla Anguskalvar f\u00f6r att f\u00e5 en korrekt f\u00f6delsevikt. Denna bur p\u00e5 lastaren har revolutionerat detta arbete. Kon st\u00e5r lugnt p\u00e5 utsidan och har kontakt med sin kalv. Buren \u00e4r utrustad med v\u00e5gplatta. Till korsningarna anv\u00e4nder vi denna bur f\u00f6r m\u00e4rkning vilket \u00e4ven \u00f6kat lugnet h\u00e4r avsev\u00e4rt. Buren \u00e4r \u00e4ven bra om n\u00e5gon kalv [&hellip;]<\/p>\n","protected":false},"author":2,"featured_media":0,"parent":0,"menu_order":0,"comment_status":"closed","ping_status":"closed","template":"","meta":{"footnotes":""},"class_list":["post-107","page","type-page","status-publish","hentry"],"_links":{"self":[{"href":"https:\/\/www.friskatorpet.se\/index.php\/wp-json\/wp\/v2\/pages\/107","targetHints":{"allow":["GET"]}}],"collection":[{"href":"https:\/\/www.friskatorpet.se\/index.php\/wp-json\/wp\/v2\/pages"}],"about":[{"href":"https:\/\/www.friskatorpet.se\/index.php\/wp-json\/wp\/v2\/types\/page"}],"author":[{"embeddable":true,"href":"https:\/\/www.friskatorpet.se\/index.php\/wp-json\/wp\/v2\/users\/2"}],"replies":[{"embeddable":true,"href":"https:\/\/www.friskatorpet.se\/index.php\/wp-json\/wp\/v2\/comments?post=107"}],"version-history":[{"count":6,"href":"https:\/\/www.friskatorpet.se\/index.php\/wp-json\/wp\/v2\/pages\/107\/revisions"}],"predecessor-version":[{"id":191,"href":"https:\/\/www.friskatorpet.se\/index.php\/wp-json\/wp\/v2\/pages\/107\/revisions\/191"}],"wp:attachment":[{"href":"https:\/\/www.friskatorpet.se\/index.php\/wp-json\/wp\/v2\/media?parent=107"}],"curies":[{"name":"wp","href":"https:\/\/api.w.org\/{rel}","templated":true}]}}